{"id":540,"date":"2023-09-29T17:10:44","date_gmt":"2023-09-29T16:10:44","guid":{"rendered":"https:\/\/aidafrance.fr\/affiliations-licences\/?post_type=product&#038;p=540"},"modified":"2023-09-29T17:11:56","modified_gmt":"2023-09-29T16:11:56","slug":"licence","status":"publish","type":"product","link":"https:\/\/aidafrance.fr\/affiliations-licences\/produit\/licence\/","title":{"rendered":"Licence"},"content":{"rendered":"<p><span class=\"Text-color--default Text-fontSize--14 Text-lineHeight--20 Text-numericSpacing--proportional Text-typeface--base Text-wrap--wrap Text-display--inline\">Choisissez le nombre de licences que vous souhaitez r\u00e9gler.<br \/>\n<\/span><\/p>\n<p>Merci de mentionner le nom des licenci\u00e9s dans le champs pr\u00e9vu \u00e0 cet effet.<\/p>\n","protected":false},"excerpt":{"rendered":"<p>Choisissez le nombre de licences que vous souhaitez r\u00e9gler. Merci de mentionner le nom des licenci\u00e9s dans le champs pr\u00e9vu \u00e0 cet effet.<\/p>\n","protected":false},"featured_media":0,"template":"","meta":[],"product_cat":[18],"product_tag":[],"class_list":{"0":"post-540","1":"product","2":"type-product","3":"status-publish","5":"product_cat-non-classe","7":"first","8":"instock","9":"virtual","10":"purchasable","11":"product-type-simple"},"_links":{"self":[{"href":"https:\/\/aidafrance.fr\/affiliations-licences\/wp-json\/wp\/v2\/product\/540","targetHints":{"allow":["GET"]}}],"collection":[{"href":"https:\/\/aidafrance.fr\/affiliations-licences\/wp-json\/wp\/v2\/product"}],"about":[{"href":"https:\/\/aidafrance.fr\/affiliations-licences\/wp-json\/wp\/v2\/types\/product"}],"wp:attachment":[{"href":"https:\/\/aidafrance.fr\/affiliations-licences\/wp-json\/wp\/v2\/media?parent=540"}],"wp:term":[{"taxonomy":"product_cat","embeddable":true,"href":"https:\/\/aidafrance.fr\/affiliations-licences\/wp-json\/wp\/v2\/product_cat?post=540"},{"taxonomy":"product_tag","embeddable":true,"href":"https:\/\/aidafrance.fr\/affiliations-licences\/wp-json\/wp\/v2\/product_tag?post=540"}],"curies":[{"name":"wp","href":"https:\/\/api.w.org\/{rel}","templated":true}]}}