{"id":741,"date":"2025-01-27T14:05:34","date_gmt":"2025-01-27T13:05:34","guid":{"rendered":"https:\/\/aidafrance.fr\/affiliations-licences\/?page_id=741"},"modified":"2026-02-06T13:41:23","modified_gmt":"2026-02-06T12:41:23","slug":"declaration-performances-indoor","status":"publish","type":"page","link":"https:\/\/aidafrance.fr\/affiliations-licences\/declaration-performances-indoor\/","title":{"rendered":"D\u00e9claration performances Indoor"},"content":{"rendered":"\n<style type=\"text\/css\" data-created_by=\"avia_inline_auto\" id=\"style-css-av-lvm75ats-2ea127c6ea95341a4be2768f1e16d556\">\n.avia-image-container.av-lvm75ats-2ea127c6ea95341a4be2768f1e16d556 img.avia_image{\nbox-shadow:none;\n}\n.avia-image-container.av-lvm75ats-2ea127c6ea95341a4be2768f1e16d556 .av-image-caption-overlay-center{\ncolor:#ffffff;\n}\n<\/style>\n<div  class='avia-image-container av-lvm75ats-2ea127c6ea95341a4be2768f1e16d556 av-styling- avia-align-center  avia-builder-el-0  el_before_av_one_fifth  avia-builder-el-first '   itemprop=\"image\" itemscope=\"itemscope\" itemtype=\"https:\/\/schema.org\/ImageObject\" ><div class=\"avia-image-container-inner\"><div class=\"avia-image-overlay-wrap\"><img decoding=\"async\" fetchpriority=\"high\" class='wp-image-784 avia-img-lazy-loading-not-784 avia_image ' src=\"https:\/\/aidafrance.fr\/affiliations-licences\/wp-content\/uploads\/2026\/02\/592962888_1262091702628735_266953498637237642_n-240x300-1.jpg\" alt='' title='592962888_1262091702628735_266953498637237642_n-240x300'  height=\"300\" width=\"240\"  itemprop=\"thumbnailUrl\"  \/><\/div><\/div><\/div>\n<div  class='flex_column av-e89xh-91beddfad7f02c5b36e4b13f380e1050 av_one_fifth  avia-builder-el-1  el_after_av_image  el_before_av_four_fifth  first flex_column_div  '     ><\/div>\n<div  class='flex_column av-akgk5-5378632f398637cface3609f1961ed9a av_four_fifth  avia-builder-el-2  el_after_av_one_fifth  avia-builder-el-last  flex_column_div  '     ><p>\n<style type=\"text\/css\" data-created_by=\"avia_inline_auto\" id=\"style-css-av-bbwv1-1d429022b23262407ce68ffd4b585df0\">\n#top .av-special-heading.av-bbwv1-1d429022b23262407ce68ffd4b585df0{\npadding-bottom:10px;\n}\nbody .av-special-heading.av-bbwv1-1d429022b23262407ce68ffd4b585df0 .av-special-heading-tag .heading-char{\nfont-size:25px;\n}\n.av-special-heading.av-bbwv1-1d429022b23262407ce68ffd4b585df0 .av-subheading{\nfont-size:25px;\n}\n<\/style>\n<div  class='av-special-heading av-bbwv1-1d429022b23262407ce68ffd4b585df0 av-special-heading-h2 blockquote modern-quote  avia-builder-el-3  el_before_av_textblock  avia-builder-el-first '><h2 class='av-special-heading-tag '  itemprop=\"headline\"  >S\u00e9lections  AIDA Freediving World Championship Budapest 2026<\/h2><div class='av-subheading av-subheading_below'><p>D\u00e9claration des performances r\u00e9alis\u00e9es<\/p>\n<\/div><div class=\"special-heading-border\"><div class=\"special-heading-inner-border\"><\/div><\/div><\/div><br \/>\n<section  class='av_textblock_section av-mlavb66i-684674da3a958a6d3278e6e71ebfe7ab '   itemscope=\"itemscope\" itemtype=\"https:\/\/schema.org\/CreativeWork\" ><div class='avia_textblock'  itemprop=\"text\" ><div role=\"form\" class=\"wpcf7\" id=\"wpcf7-f744-o1\" lang=\"fr-FR\" dir=\"ltr\">\n<div class=\"screen-reader-response\"><p role=\"status\" aria-live=\"polite\" aria-atomic=\"true\"><\/p> <ul><\/ul><\/div>\n<form action=\"\/affiliations-licences\/wp-json\/wp\/v2\/pages\/741#wpcf7-f744-o1\" method=\"post\" class=\"wpcf7-form init\" novalidate=\"novalidate\" data-status=\"init\">\n<div style=\"display: none;\">\n<input type=\"hidden\" name=\"_wpcf7\" value=\"744\" \/>\n<input type=\"hidden\" name=\"_wpcf7_version\" value=\"5.4.2\" \/>\n<input type=\"hidden\" name=\"_wpcf7_locale\" value=\"fr_FR\" \/>\n<input type=\"hidden\" name=\"_wpcf7_unit_tag\" value=\"wpcf7-f744-o1\" \/>\n<input type=\"hidden\" name=\"_wpcf7_container_post\" value=\"0\" \/>\n<input type=\"hidden\" name=\"_wpcf7_posted_data_hash\" value=\"\" \/>\n<input type=\"hidden\" name=\"_wpcf7cf_hidden_group_fields\" value=\"[]\" \/>\n<input type=\"hidden\" name=\"_wpcf7cf_hidden_groups\" value=\"[]\" \/>\n<input type=\"hidden\" name=\"_wpcf7cf_visible_groups\" value=\"[]\" \/>\n<input type=\"hidden\" name=\"_wpcf7cf_repeaters\" value=\"[]\" \/>\n<input type=\"hidden\" name=\"_wpcf7cf_steps\" value=\"{}\" \/>\n<input type=\"hidden\" name=\"_wpcf7cf_options\" value=\"{&quot;form_id&quot;:744,&quot;conditions&quot;:[{&quot;then_field&quot;:&quot;DYN&quot;,&quot;and_rules&quot;:[{&quot;if_field&quot;:&quot;discipline&quot;,&quot;operator&quot;:&quot;equals&quot;,&quot;if_value&quot;:&quot;DYN&quot;}]},{&quot;then_field&quot;:&quot;DYNB&quot;,&quot;and_rules&quot;:[{&quot;if_field&quot;:&quot;discipline&quot;,&quot;operator&quot;:&quot;equals&quot;,&quot;if_value&quot;:&quot;DYNB&quot;}]},{&quot;then_field&quot;:&quot;DNF&quot;,&quot;and_rules&quot;:[{&quot;if_field&quot;:&quot;discipline&quot;,&quot;operator&quot;:&quot;equals&quot;,&quot;if_value&quot;:&quot;DNF&quot;}]},{&quot;then_field&quot;:&quot;STA&quot;,&quot;and_rules&quot;:[{&quot;if_field&quot;:&quot;discipline&quot;,&quot;operator&quot;:&quot;equals&quot;,&quot;if_value&quot;:&quot;STA&quot;}]}],&quot;settings&quot;:{&quot;animation&quot;:&quot;yes&quot;,&quot;animation_intime&quot;:200,&quot;animation_outtime&quot;:200,&quot;conditions_ui&quot;:&quot;normal&quot;,&quot;notice_dismissed&quot;:false,&quot;notice_dismissed_update-cf7-5.9.3&quot;:true}}\" \/>\n<\/div>\n<div style=\"width:300px;\">\n<p>Je suis *<br \/>\n   <span class=\"wpcf7-form-control-wrap civilite\"><select name=\"civilite\" class=\"wpcf7-form-control wpcf7-select wpcf7-validates-as-required\" aria-required=\"true\" aria-invalid=\"false\"><option value=\"\">---<\/option><option value=\"Monsieur\">Monsieur<\/option><option value=\"Madame\">Madame<\/option><\/select><\/span><\/p>\n<p>Nom - Pr\u00e9nom *<br \/>\n    <span class=\"wpcf7-form-control-wrap nom\"><input type=\"text\" name=\"nom\" value=\"\" size=\"40\" class=\"wpcf7-form-control wpcf7-text wpcf7-validates-as-required\" aria-required=\"true\" aria-invalid=\"false\" \/><\/span> <\/p>\n<p>T\u00e9l\u00e9phone *<br \/>\n    <span class=\"wpcf7-form-control-wrap tel\"><input type=\"tel\" name=\"tel\" value=\"\" size=\"40\" class=\"wpcf7-form-control wpcf7-text wpcf7-tel wpcf7-validates-as-required wpcf7-validates-as-tel\" aria-required=\"true\" aria-invalid=\"false\" placeholder=\"par ex: +33600000000\" \/><\/span> <\/p>\n<p>Email *<br \/>\n    <span class=\"wpcf7-form-control-wrap email\"><input type=\"email\" name=\"email\" value=\"\" size=\"40\" class=\"wpcf7-form-control wpcf7-text wpcf7-email wpcf7-validates-as-required wpcf7-validates-as-email\" aria-required=\"true\" aria-invalid=\"false\" \/><\/span> <\/p>\n<\/div>\n<p> Je souhaite d\u00e9clarer une performance dans la ou les disciplines suivantes (plusieurs choix possible)<br \/>\n<span class=\"wpcf7-form-control-wrap discipline\"><span class=\"wpcf7-form-control wpcf7-checkbox wpcf7-validates-as-required\"><span class=\"wpcf7-list-item first\"><label><input type=\"checkbox\" name=\"discipline[]\" value=\"DYN\" \/><span class=\"wpcf7-list-item-label\">DYN<\/span><\/label><\/span><span class=\"wpcf7-list-item\"><label><input type=\"checkbox\" name=\"discipline[]\" value=\"DYNB\" \/><span class=\"wpcf7-list-item-label\">DYNB<\/span><\/label><\/span><span class=\"wpcf7-list-item\"><label><input type=\"checkbox\" name=\"discipline[]\" value=\"DNF\" \/><span class=\"wpcf7-list-item-label\">DNF<\/span><\/label><\/span><span class=\"wpcf7-list-item last\"><label><input type=\"checkbox\" name=\"discipline[]\" value=\"STA\" \/><span class=\"wpcf7-list-item-label\">STA<\/span><\/label><\/span><\/span><\/span><\/p>\n<div data-id=\"DYN\" data-orig_data_id=\"DYN\"  data-class=\"wpcf7cf_group\">\n<h1> Performance DYN<\/h1>\n<div>\n<!--\n<div style=\"display:inline-block; margin-right:100px;\">--><\/p>\n<div style=\"width:160px;\">\n<p>Distance r\u00e9alis\u00e9e (en m):<br \/>\n    <span class=\"wpcf7-form-control-wrap perfdyn\"><input type=\"number\" name=\"perfdyn\" value=\"0\" class=\"wpcf7-form-control wpcf7-number wpcf7-validates-as-required wpcf7-validates-as-number\" aria-required=\"true\" aria-invalid=\"false\" \/><\/span> <\/p>\n<\/div>\n<div style=\"width:800px;\">\n<p>Lien vers le r\u00e9sultat (Site internet de la comp\u00e9tition, site AIDA International, etc...)<br \/>\n <span class=\"wpcf7-form-control-wrap infosdyn\"><input type=\"url\" name=\"infosdyn\" value=\"https:\/\/...\" size=\"40\" class=\"wpcf7-form-control wpcf7-text wpcf7-url wpcf7-validates-as-required wpcf7-validates-as-url\" aria-required=\"true\" aria-invalid=\"false\" \/><\/span> <\/p>\n<\/div>\n<\/div>\n<\/div>\n<div data-id=\"DYNB\" data-orig_data_id=\"DYNB\"  data-class=\"wpcf7cf_group\">\n<h1> Performance DYNB<\/h1>\n<div>\n<!--\n<div style=\"display:inline-block; margin-right:100px;\">--><\/p>\n<div style=\"width:160px;\">\n<p>Distance r\u00e9alis\u00e9e (en m):<br \/>\n    <span class=\"wpcf7-form-control-wrap perfdynb\"><input type=\"number\" name=\"perfdynb\" value=\"0\" class=\"wpcf7-form-control wpcf7-number wpcf7-validates-as-required wpcf7-validates-as-number\" aria-required=\"true\" aria-invalid=\"false\" \/><\/span> <\/p>\n<\/div>\n<div style=\"width:800px;\">\n<p>Lien vers le r\u00e9sultat (Site internet de la comp\u00e9tition, site AIDA International, etc...)<br \/>\n<span class=\"wpcf7-form-control-wrap infosdynb\"><input type=\"url\" name=\"infosdynb\" value=\"https:\/\/...\" size=\"40\" class=\"wpcf7-form-control wpcf7-text wpcf7-url wpcf7-validates-as-required wpcf7-validates-as-url\" aria-required=\"true\" aria-invalid=\"false\" \/><\/span> <\/p>\n<\/div>\n<\/div>\n<\/div>\n<div data-id=\"DNF\" data-orig_data_id=\"DNF\"  data-class=\"wpcf7cf_group\">\n<h1> Performance DNF<\/h1>\n<div>\n<!--\n<div style=\"display:inline-block; margin-right:100px;\">--><\/p>\n<div style=\"width:160px;\">\n<p>Distance r\u00e9alis\u00e9e (en m):<br \/>\n    <span class=\"wpcf7-form-control-wrap perfdnf\"><input type=\"number\" name=\"perfdnf\" value=\"0\" class=\"wpcf7-form-control wpcf7-number wpcf7-validates-as-required wpcf7-validates-as-number\" aria-required=\"true\" aria-invalid=\"false\" \/><\/span> <\/p>\n<\/div>\n<div style=\"width:800px;\">\n<p>Lien vers le r\u00e9sultat (Site internet de la comp\u00e9tition, site AIDA International, etc...)<br \/>\n<span class=\"wpcf7-form-control-wrap infosdnf\"><input type=\"url\" name=\"infosdnf\" value=\"https:\/\/...\" size=\"40\" class=\"wpcf7-form-control wpcf7-text wpcf7-url wpcf7-validates-as-required wpcf7-validates-as-url\" aria-required=\"true\" aria-invalid=\"false\" \/><\/span> <\/p>\n<\/div>\n<\/div>\n<\/div>\n<div data-id=\"STA\" data-orig_data_id=\"STA\"  data-class=\"wpcf7cf_group\">\n<h1> Performance STA<\/h1>\n<div>\n<!--\n<div style=\"display:inline-block; margin-right:100px;\">--><\/p>\n<div style=\"width:160px;\">\n<p>Temps r\u00e9alis\u00e9 :<br \/>\n    <span class=\"wpcf7-form-control-wrap perfsta\"><input type=\"text\" name=\"perfsta\" value=\"0\" size=\"40\" class=\"wpcf7-form-control wpcf7-text wpcf7-validates-as-required\" aria-required=\"true\" aria-invalid=\"false\" \/><\/span> <\/p>\n<\/div>\n<div style=\"width:800px;\">\n<p>Lien vers le r\u00e9sultat (Site internet de la comp\u00e9tition, site AIDA International, etc...)<br \/>\n<span class=\"wpcf7-form-control-wrap infossta\"><input type=\"url\" name=\"infossta\" value=\"https:\/\/...\" size=\"40\" class=\"wpcf7-form-control wpcf7-text wpcf7-url wpcf7-validates-as-required wpcf7-validates-as-url\" aria-required=\"true\" aria-invalid=\"false\" \/><\/span> <\/p>\n<\/div>\n<\/div>\n<\/div>\n<p>Commentaires - Observations pour le comit\u00e9 de s\u00e9lection<br \/>\n    <span class=\"wpcf7-form-control-wrap commentaires\"><textarea name=\"commentaires\" cols=\"40\" rows=\"10\" class=\"wpcf7-form-control wpcf7-textarea\" aria-invalid=\"false\"><\/textarea><\/span> <\/p>\n<div style=\"float:none;\">\n<p><input type=\"submit\" value=\"Envoyer\" class=\"wpcf7-form-control wpcf7-submit\" \/><\/p>\n<\/div>\n<div class=\"wpcf7-response-output\" aria-hidden=\"true\"><\/div><\/form><\/div>\n<\/div><\/section><\/p><\/div>","protected":false},"excerpt":{"rendered":"","protected":false},"author":1,"featured_media":0,"parent":0,"menu_order":0,"comment_status":"closed","ping_status":"closed","template":"","meta":{"footnotes":""},"class_list":["post-741","page","type-page","status-publish","hentry"],"_links":{"self":[{"href":"https:\/\/aidafrance.fr\/affiliations-licences\/wp-json\/wp\/v2\/pages\/741","targetHints":{"allow":["GET"]}}],"collection":[{"href":"https:\/\/aidafrance.fr\/affiliations-licences\/wp-json\/wp\/v2\/pages"}],"about":[{"href":"https:\/\/aidafrance.fr\/affiliations-licences\/wp-json\/wp\/v2\/types\/page"}],"author":[{"embeddable":true,"href":"https:\/\/aidafrance.fr\/affiliations-licences\/wp-json\/wp\/v2\/users\/1"}],"replies":[{"embeddable":true,"href":"https:\/\/aidafrance.fr\/affiliations-licences\/wp-json\/wp\/v2\/comments?post=741"}],"version-history":[{"count":12,"href":"https:\/\/aidafrance.fr\/affiliations-licences\/wp-json\/wp\/v2\/pages\/741\/revisions"}],"predecessor-version":[{"id":786,"href":"https:\/\/aidafrance.fr\/affiliations-licences\/wp-json\/wp\/v2\/pages\/741\/revisions\/786"}],"wp:attachment":[{"href":"https:\/\/aidafrance.fr\/affiliations-licences\/wp-json\/wp\/v2\/media?parent=741"}],"curies":[{"name":"wp","href":"https:\/\/api.w.org\/{rel}","templated":true}]}}