{"id":581,"date":"2024-04-30T09:35:45","date_gmt":"2024-04-30T08:35:45","guid":{"rendered":"https:\/\/aidafrance.fr\/affiliations-licences\/?page_id=581"},"modified":"2026-03-09T11:39:31","modified_gmt":"2026-03-09T10:39:31","slug":"declaration-performances-outoor","status":"publish","type":"page","link":"https:\/\/aidafrance.fr\/affiliations-licences\/declaration-performances-outoor\/","title":{"rendered":"D\u00e9claration performances Outdoor"},"content":{"rendered":"<div  class='flex_column av-hffn1-5a7c93cf460c97041ae9363866766ffb av_one_fifth  avia-builder-el-0  el_before_av_four_fifth  avia-builder-el-first  first flex_column_div  '     ><\/div>\n<div  class='flex_column av-akdcl-a83f25015181d509d12b39a5e446bbfb av_four_fifth  avia-builder-el-1  el_after_av_one_fifth  avia-builder-el-last  flex_column_div  '     ><p>\n<style type=\"text\/css\" data-created_by=\"avia_inline_auto\" id=\"style-css-av-bbwv1-e39e6212f11b83135b92455e66ed9c32\">\n#top .av-special-heading.av-bbwv1-e39e6212f11b83135b92455e66ed9c32{\npadding-bottom:10px;\n}\nbody .av-special-heading.av-bbwv1-e39e6212f11b83135b92455e66ed9c32 .av-special-heading-tag .heading-char{\nfont-size:25px;\n}\n.av-special-heading.av-bbwv1-e39e6212f11b83135b92455e66ed9c32 .av-subheading{\nfont-size:25px;\n}\n<\/style>\n<div  class='av-special-heading av-bbwv1-e39e6212f11b83135b92455e66ed9c32 av-special-heading-h2 blockquote modern-quote  avia-builder-el-2  el_before_av_textblock  avia-builder-el-first '><h2 class='av-special-heading-tag '  itemprop=\"headline\"  >S\u00e9lections AIDA Outdoor Freediving World Championship 2026<\/h2><div class='av-subheading av-subheading_below'><p>D\u00e9claration des performances r\u00e9alis\u00e9es<\/p>\n<\/div><div class=\"special-heading-border\"><div class=\"special-heading-inner-border\"><\/div><\/div><\/div><br \/>\n<section  class='av_textblock_section av-lvm7ml2x-9062ec8ee387597ddaaaffec90a0ef0e '   itemscope=\"itemscope\" itemtype=\"https:\/\/schema.org\/CreativeWork\" ><div class='avia_textblock'  itemprop=\"text\" ><p>Merci de remplir le formulaire ci-dessous pour envoyer au comit\u00e9 de s\u00e9lection, vos performances r\u00e9alis\u00e9es.<\/p>\n<p><strong><span style=\"color: red;\">IMPORTANT : Une fois vos informations envoy\u00e9es, le comit\u00e9 de s\u00e9lection vous r\u00e9pondra sous quelques jours.Si vous n&rsquo;avez pas re\u00e7u de r\u00e9ponse de notre part, merci de nous contacter :<\/span><\/strong><\/p>\n<ul>\n<li>Soit par mail selection@aidafrance.fr<\/li>\n<li>Soit par t\u00e9l\u00e9phone au 06 14 88 60 83 &#8211; 06 87 42 17 49<\/li>\n<\/ul>\n<\/div><\/section><br \/>\n<section  class='av_textblock_section av-lvm5r1au-650f67777dfdd2519cbe44ce8aae14a9 '   itemscope=\"itemscope\" itemtype=\"https:\/\/schema.org\/CreativeWork\" ><div class='avia_textblock'  itemprop=\"text\" ><div role=\"form\" class=\"wpcf7\" id=\"wpcf7-f583-o1\" lang=\"fr-FR\" dir=\"ltr\">\n<div class=\"screen-reader-response\"><p role=\"status\" aria-live=\"polite\" aria-atomic=\"true\"><\/p> <ul><\/ul><\/div>\n<form action=\"\/affiliations-licences\/wp-json\/wp\/v2\/pages\/581#wpcf7-f583-o1\" method=\"post\" class=\"wpcf7-form init\" novalidate=\"novalidate\" data-status=\"init\">\n<div style=\"display: none;\">\n<input type=\"hidden\" name=\"_wpcf7\" value=\"583\" \/>\n<input type=\"hidden\" name=\"_wpcf7_version\" value=\"5.4.2\" \/>\n<input type=\"hidden\" name=\"_wpcf7_locale\" value=\"fr_FR\" \/>\n<input type=\"hidden\" name=\"_wpcf7_unit_tag\" value=\"wpcf7-f583-o1\" \/>\n<input type=\"hidden\" name=\"_wpcf7_container_post\" value=\"0\" \/>\n<input type=\"hidden\" name=\"_wpcf7_posted_data_hash\" value=\"\" \/>\n<input type=\"hidden\" name=\"_wpcf7cf_hidden_group_fields\" value=\"[]\" \/>\n<input type=\"hidden\" name=\"_wpcf7cf_hidden_groups\" value=\"[]\" \/>\n<input type=\"hidden\" name=\"_wpcf7cf_visible_groups\" value=\"[]\" \/>\n<input type=\"hidden\" name=\"_wpcf7cf_repeaters\" value=\"[]\" \/>\n<input type=\"hidden\" name=\"_wpcf7cf_steps\" value=\"{}\" \/>\n<input type=\"hidden\" name=\"_wpcf7cf_options\" value=\"{&quot;form_id&quot;:583,&quot;conditions&quot;:[{&quot;then_field&quot;:&quot;CWT&quot;,&quot;and_rules&quot;:[{&quot;if_field&quot;:&quot;discipline&quot;,&quot;operator&quot;:&quot;equals&quot;,&quot;if_value&quot;:&quot;CWT&quot;}]},{&quot;then_field&quot;:&quot;CWTB&quot;,&quot;and_rules&quot;:[{&quot;if_field&quot;:&quot;discipline&quot;,&quot;operator&quot;:&quot;equals&quot;,&quot;if_value&quot;:&quot;CWTB&quot;}]},{&quot;then_field&quot;:&quot;CNF&quot;,&quot;and_rules&quot;:[{&quot;if_field&quot;:&quot;discipline&quot;,&quot;operator&quot;:&quot;equals&quot;,&quot;if_value&quot;:&quot;CNF&quot;}]},{&quot;then_field&quot;:&quot;FIM&quot;,&quot;and_rules&quot;:[{&quot;if_field&quot;:&quot;discipline&quot;,&quot;operator&quot;:&quot;equals&quot;,&quot;if_value&quot;:&quot;FIM&quot;}]}],&quot;settings&quot;:{&quot;animation&quot;:&quot;yes&quot;,&quot;animation_intime&quot;:200,&quot;animation_outtime&quot;:200,&quot;conditions_ui&quot;:&quot;normal&quot;,&quot;notice_dismissed&quot;:false,&quot;notice_dismissed_update-cf7-5.9.3&quot;:true}}\" \/>\n<\/div>\n<div style=\"width:300px;\">\n<p>Je suis *<br \/>\n   <span class=\"wpcf7-form-control-wrap civilite\"><select name=\"civilite\" class=\"wpcf7-form-control wpcf7-select wpcf7-validates-as-required\" aria-required=\"true\" aria-invalid=\"false\"><option value=\"\">---<\/option><option value=\"Monsieur\">Monsieur<\/option><option value=\"Madame\">Madame<\/option><\/select><\/span><\/p>\n<p>Nom - Pr\u00e9nom *<br \/>\n    <span class=\"wpcf7-form-control-wrap nom\"><input type=\"text\" name=\"nom\" value=\"\" size=\"40\" class=\"wpcf7-form-control wpcf7-text wpcf7-validates-as-required\" aria-required=\"true\" aria-invalid=\"false\" \/><\/span> <\/p>\n<p>T\u00e9l\u00e9phone *<br \/>\n    <span class=\"wpcf7-form-control-wrap tel\"><input type=\"tel\" name=\"tel\" value=\"\" size=\"40\" class=\"wpcf7-form-control wpcf7-text wpcf7-tel wpcf7-validates-as-required wpcf7-validates-as-tel\" aria-required=\"true\" aria-invalid=\"false\" placeholder=\"par ex: +33600000000\" \/><\/span> <\/p>\n<p>Email *<br \/>\n    <span class=\"wpcf7-form-control-wrap email\"><input type=\"email\" name=\"email\" value=\"\" size=\"40\" class=\"wpcf7-form-control wpcf7-text wpcf7-email wpcf7-validates-as-required wpcf7-validates-as-email\" aria-required=\"true\" aria-invalid=\"false\" \/><\/span> <\/p>\n<\/div>\n<p> Je souhaite d\u00e9clarer une performance dans la ou les disciplines suivantes (plusieurs choix possible)<br \/>\n<span class=\"wpcf7-form-control-wrap discipline\"><span class=\"wpcf7-form-control wpcf7-checkbox wpcf7-validates-as-required\"><span class=\"wpcf7-list-item first\"><label><input type=\"checkbox\" name=\"discipline[]\" value=\"CWT\" \/><span class=\"wpcf7-list-item-label\">CWT<\/span><\/label><\/span><span class=\"wpcf7-list-item\"><label><input type=\"checkbox\" name=\"discipline[]\" value=\"CWTB\" \/><span class=\"wpcf7-list-item-label\">CWTB<\/span><\/label><\/span><span class=\"wpcf7-list-item\"><label><input type=\"checkbox\" name=\"discipline[]\" value=\"CNF\" \/><span class=\"wpcf7-list-item-label\">CNF<\/span><\/label><\/span><span class=\"wpcf7-list-item last\"><label><input type=\"checkbox\" name=\"discipline[]\" value=\"FIM\" \/><span class=\"wpcf7-list-item-label\">FIM<\/span><\/label><\/span><\/span><\/span><\/p>\n<div data-id=\"CWT\" data-orig_data_id=\"CWT\"  data-class=\"wpcf7cf_group\">\n<h1> Performance CWT<\/h1>\n<div>\n<!--\n<div style=\"display:inline-block; margin-right:100px;\">--><\/p>\n<div style=\"width:160px;\">\n<p>Profondeur r\u00e9alis\u00e9e (en m):<br \/>\n    <span class=\"wpcf7-form-control-wrap perfcwt\"><input type=\"number\" name=\"perfcwt\" value=\"0\" class=\"wpcf7-form-control wpcf7-number wpcf7-validates-as-required wpcf7-validates-as-number\" aria-required=\"true\" aria-invalid=\"false\" \/><\/span> <\/p>\n<\/div>\n<div style=\"width:800px;\">\n<p>Lien vers le r\u00e9sultat (Site internet de la comp\u00e9tition, site AIDA International, etc...)<br \/>\n <span class=\"wpcf7-form-control-wrap infoscwt\"><input type=\"url\" name=\"infoscwt\" value=\"https:\/\/...\" size=\"40\" class=\"wpcf7-form-control wpcf7-text wpcf7-url wpcf7-validates-as-required wpcf7-validates-as-url\" aria-required=\"true\" aria-invalid=\"false\" \/><\/span> <\/p>\n<\/div>\n<\/div>\n<\/div>\n<div data-id=\"CWTB\" data-orig_data_id=\"CWTB\"  data-class=\"wpcf7cf_group\">\n<h1> Performance CWTB<\/h1>\n<div>\n<!--\n<div style=\"display:inline-block; margin-right:100px;\">--><\/p>\n<div style=\"width:160px;\">\n<p>Profondeur r\u00e9alis\u00e9e (en m):<br \/>\n    <span class=\"wpcf7-form-control-wrap perfcwtb\"><input type=\"number\" name=\"perfcwtb\" value=\"0\" class=\"wpcf7-form-control wpcf7-number wpcf7-validates-as-required wpcf7-validates-as-number\" aria-required=\"true\" aria-invalid=\"false\" \/><\/span> <\/p>\n<\/div>\n<div style=\"width:800px;\">\n<p>Lien vers le r\u00e9sultat (Site internet de la comp\u00e9tition, site AIDA International, etc...)<br \/>\n<span class=\"wpcf7-form-control-wrap infoscwtb\"><input type=\"url\" name=\"infoscwtb\" value=\"https:\/\/...\" size=\"40\" class=\"wpcf7-form-control wpcf7-text wpcf7-url wpcf7-validates-as-required wpcf7-validates-as-url\" aria-required=\"true\" aria-invalid=\"false\" \/><\/span> <\/p>\n<\/div>\n<\/div>\n<\/div>\n<div data-id=\"CNF\" data-orig_data_id=\"CNF\"  data-class=\"wpcf7cf_group\">\n<h1> Performance CNF<\/h1>\n<div>\n<!--\n<div style=\"display:inline-block; margin-right:100px;\">--><\/p>\n<div style=\"width:160px;\">\n<p>Profondeur r\u00e9alis\u00e9e (en m):<br \/>\n    <span class=\"wpcf7-form-control-wrap perfcnf\"><input type=\"number\" name=\"perfcnf\" value=\"0\" class=\"wpcf7-form-control wpcf7-number wpcf7-validates-as-required wpcf7-validates-as-number\" aria-required=\"true\" aria-invalid=\"false\" \/><\/span> <\/p>\n<\/div>\n<div style=\"width:800px;\">\n<p>Lien vers le r\u00e9sultat (Site internet de la comp\u00e9tition, site AIDA International, etc...)<br \/>\n<span class=\"wpcf7-form-control-wrap infoscnf\"><input type=\"url\" name=\"infoscnf\" value=\"https:\/\/...\" size=\"40\" class=\"wpcf7-form-control wpcf7-text wpcf7-url wpcf7-validates-as-required wpcf7-validates-as-url\" aria-required=\"true\" aria-invalid=\"false\" \/><\/span> <\/p>\n<\/div>\n<\/div>\n<\/div>\n<div data-id=\"FIM\" data-orig_data_id=\"FIM\"  data-class=\"wpcf7cf_group\">\n<h1> Performance FIM<\/h1>\n<div>\n<!--\n<div style=\"display:inline-block; margin-right:100px;\">--><\/p>\n<div style=\"width:160px;\">\n<p>Profondeur r\u00e9alis\u00e9e (en m):<br \/>\n    <span class=\"wpcf7-form-control-wrap perffim\"><input type=\"number\" name=\"perffim\" value=\"0\" class=\"wpcf7-form-control wpcf7-number wpcf7-validates-as-required wpcf7-validates-as-number\" aria-required=\"true\" aria-invalid=\"false\" \/><\/span> <\/p>\n<\/div>\n<div style=\"width:800px;\">\n<p>Lien vers le r\u00e9sultat (Site internet de la comp\u00e9tition, site AIDA International, etc...)<br \/>\n<span class=\"wpcf7-form-control-wrap infosfim\"><input type=\"url\" name=\"infosfim\" value=\"https:\/\/...\" size=\"40\" class=\"wpcf7-form-control wpcf7-text wpcf7-url wpcf7-validates-as-required wpcf7-validates-as-url\" aria-required=\"true\" aria-invalid=\"false\" \/><\/span> <\/p>\n<\/div>\n<\/div>\n<\/div>\n<p>Commentaires - Observations pour le comit\u00e9 de s\u00e9lection<br \/>\n    <span class=\"wpcf7-form-control-wrap commentaires\"><textarea name=\"commentaires\" cols=\"40\" rows=\"10\" class=\"wpcf7-form-control wpcf7-textarea\" aria-invalid=\"false\"><\/textarea><\/span> <\/p>\n<div style=\"float:none;\">\n<p><input type=\"submit\" value=\"Envoyer\" class=\"wpcf7-form-control wpcf7-submit\" \/><\/p>\n<\/div>\n<div class=\"wpcf7-response-output\" aria-hidden=\"true\"><\/div><\/form><\/div>\n<\/div><\/section><\/p><\/div>","protected":false},"excerpt":{"rendered":"","protected":false},"author":1,"featured_media":0,"parent":0,"menu_order":0,"comment_status":"closed","ping_status":"closed","template":"","meta":{"footnotes":""},"class_list":["post-581","page","type-page","status-publish","hentry"],"_links":{"self":[{"href":"https:\/\/aidafrance.fr\/affiliations-licences\/wp-json\/wp\/v2\/pages\/581","targetHints":{"allow":["GET"]}}],"collection":[{"href":"https:\/\/aidafrance.fr\/affiliations-licences\/wp-json\/wp\/v2\/pages"}],"about":[{"href":"https:\/\/aidafrance.fr\/affiliations-licences\/wp-json\/wp\/v2\/types\/page"}],"author":[{"embeddable":true,"href":"https:\/\/aidafrance.fr\/affiliations-licences\/wp-json\/wp\/v2\/users\/1"}],"replies":[{"embeddable":true,"href":"https:\/\/aidafrance.fr\/affiliations-licences\/wp-json\/wp\/v2\/comments?post=581"}],"version-history":[{"count":17,"href":"https:\/\/aidafrance.fr\/affiliations-licences\/wp-json\/wp\/v2\/pages\/581\/revisions"}],"predecessor-version":[{"id":788,"href":"https:\/\/aidafrance.fr\/affiliations-licences\/wp-json\/wp\/v2\/pages\/581\/revisions\/788"}],"wp:attachment":[{"href":"https:\/\/aidafrance.fr\/affiliations-licences\/wp-json\/wp\/v2\/media?parent=581"}],"curies":[{"name":"wp","href":"https:\/\/api.w.org\/{rel}","templated":true}]}}