{"id":315,"date":"2021-09-20T08:31:48","date_gmt":"2021-09-20T07:31:48","guid":{"rendered":"https:\/\/aidafrance.fr\/affiliations-licences\/?page_id=315"},"modified":"2025-01-16T14:45:51","modified_gmt":"2025-01-16T13:45:51","slug":"retour-paiement-affiliation","status":"publish","type":"page","link":"https:\/\/aidafrance.fr\/affiliations-licences\/retour-paiement-affiliation\/","title":{"rendered":"Retour Paiement Affiliation"},"content":{"rendered":"\n<style type=\"text\/css\" data-created_by=\"avia_inline_auto\" id=\"style-css-av-kui4zszn-dc88425b1049585d3f2f42bce6f320e4\">\n#top .av-special-heading.av-kui4zszn-dc88425b1049585d3f2f42bce6f320e4{\npadding-bottom:10px;\n}\nbody .av-special-heading.av-kui4zszn-dc88425b1049585d3f2f42bce6f320e4 .av-special-heading-tag .heading-char{\nfont-size:25px;\n}\n.av-special-heading.av-kui4zszn-dc88425b1049585d3f2f42bce6f320e4 .av-subheading{\nfont-size:15px;\n}\n<\/style>\n<div  class='av-special-heading av-kui4zszn-dc88425b1049585d3f2f42bce6f320e4 av-special-heading-h3 blockquote modern-quote  avia-builder-el-0  el_before_av_textblock  avia-builder-el-first '><h3 class='av-special-heading-tag '  itemprop=\"headline\"  >Merci, vous \u00eates maintenant affili\u00e9 \u00e0 AIDA France<\/h3><div class='av-subheading av-subheading_below'><p>Vous pouvez vous connecter \u00e0 votre <a href=\"https:\/\/aidafrance.fr\/affiliations-licences\/\">espace club<\/a> pour prendre les licences<\/p>\n<\/div><div class=\"special-heading-border\"><div class=\"special-heading-inner-border\"><\/div><\/div><\/div>\n<section  class='av_textblock_section av-m5zdvlqs-ba364889edef5761781b8424a8e4e6a1 '   itemscope=\"itemscope\" itemtype=\"https:\/\/schema.org\/CreativeWork\" ><div class='avia_textblock'  itemprop=\"text\" >\n<\/div><\/section>","protected":false},"excerpt":{"rendered":"","protected":false},"author":1,"featured_media":0,"parent":0,"menu_order":0,"comment_status":"closed","ping_status":"closed","template":"","meta":{"footnotes":""},"class_list":["post-315","page","type-page","status-publish","hentry"],"_links":{"self":[{"href":"https:\/\/aidafrance.fr\/affiliations-licences\/wp-json\/wp\/v2\/pages\/315","targetHints":{"allow":["GET"]}}],"collection":[{"href":"https:\/\/aidafrance.fr\/affiliations-licences\/wp-json\/wp\/v2\/pages"}],"about":[{"href":"https:\/\/aidafrance.fr\/affiliations-licences\/wp-json\/wp\/v2\/types\/page"}],"author":[{"embeddable":true,"href":"https:\/\/aidafrance.fr\/affiliations-licences\/wp-json\/wp\/v2\/users\/1"}],"replies":[{"embeddable":true,"href":"https:\/\/aidafrance.fr\/affiliations-licences\/wp-json\/wp\/v2\/comments?post=315"}],"version-history":[{"count":12,"href":"https:\/\/aidafrance.fr\/affiliations-licences\/wp-json\/wp\/v2\/pages\/315\/revisions"}],"predecessor-version":[{"id":721,"href":"https:\/\/aidafrance.fr\/affiliations-licences\/wp-json\/wp\/v2\/pages\/315\/revisions\/721"}],"wp:attachment":[{"href":"https:\/\/aidafrance.fr\/affiliations-licences\/wp-json\/wp\/v2\/media?parent=315"}],"curies":[{"name":"wp","href":"https:\/\/api.w.org\/{rel}","templated":true}]}}