{"id":15,"date":"2015-09-16T21:11:13","date_gmt":"2015-09-16T20:11:13","guid":{"rendered":"https:\/\/aidafrance.fr\/affiliations-licences\/?page_id=15"},"modified":"2025-01-16T11:31:59","modified_gmt":"2025-01-16T10:31:59","slug":"creation-licence","status":"publish","type":"page","link":"https:\/\/aidafrance.fr\/affiliations-licences\/creation-licence\/","title":{"rendered":"Cr\u00e9ation Licence"},"content":{"rendered":"\n<style type=\"text\/css\" data-created_by=\"avia_inline_auto\" id=\"style-css-av-1uhu7-efab3dc4857f4c43c3444716eb08c94d\">\n#top .av-special-heading.av-1uhu7-efab3dc4857f4c43c3444716eb08c94d{\npadding-bottom:10px;\n}\nbody .av-special-heading.av-1uhu7-efab3dc4857f4c43c3444716eb08c94d .av-special-heading-tag .heading-char{\nfont-size:25px;\n}\n.av-special-heading.av-1uhu7-efab3dc4857f4c43c3444716eb08c94d .av-subheading{\nfont-size:15px;\n}\n<\/style>\n<div  class='av-special-heading av-1uhu7-efab3dc4857f4c43c3444716eb08c94d av-special-heading-h3  avia-builder-el-0  el_before_av_textblock  avia-builder-el-first '><h3 class='av-special-heading-tag '  itemprop=\"headline\"  >Remplissez le formulaire pour cr\u00e9er une licence pour un membre de votre club<\/h3><div class=\"special-heading-border\"><div class=\"special-heading-inner-border\"><\/div><\/div><\/div>\n<section  class='av_textblock_section av-m5z6y27k-7ac9a614be4c8aca333f4e48c9ac6a03 '   itemscope=\"itemscope\" itemtype=\"https:\/\/schema.org\/CreativeWork\" ><div class='avia_textblock'  itemprop=\"text\" >\n<\/div><\/section>\n<section  class='av_textblock_section av-15u3v-8e360fd1951b7f076f6363afe8e363ee '   itemscope=\"itemscope\" itemtype=\"https:\/\/schema.org\/CreativeWork\" ><div class='avia_textblock'  itemprop=\"text\" ><div role=\"form\" class=\"wpcf7\" id=\"wpcf7-f27-o1\" lang=\"fr-FR\" dir=\"ltr\">\n<div class=\"screen-reader-response\"><p role=\"status\" aria-live=\"polite\" aria-atomic=\"true\"><\/p> <ul><\/ul><\/div>\n<form action=\"\/affiliations-licences\/wp-json\/wp\/v2\/pages\/15#wpcf7-f27-o1\" method=\"post\" class=\"wpcf7-form init\" novalidate=\"novalidate\" data-status=\"init\">\n<div style=\"display: none;\">\n<input type=\"hidden\" name=\"_wpcf7\" value=\"27\" \/>\n<input type=\"hidden\" name=\"_wpcf7_version\" value=\"5.4.2\" \/>\n<input type=\"hidden\" name=\"_wpcf7_locale\" value=\"fr_FR\" \/>\n<input type=\"hidden\" name=\"_wpcf7_unit_tag\" value=\"wpcf7-f27-o1\" \/>\n<input type=\"hidden\" name=\"_wpcf7_container_post\" value=\"0\" \/>\n<input type=\"hidden\" name=\"_wpcf7_posted_data_hash\" value=\"\" \/>\n<input type=\"hidden\" name=\"_wpcf7cf_hidden_group_fields\" value=\"[]\" \/>\n<input type=\"hidden\" name=\"_wpcf7cf_hidden_groups\" value=\"[]\" \/>\n<input type=\"hidden\" name=\"_wpcf7cf_visible_groups\" value=\"[]\" \/>\n<input type=\"hidden\" name=\"_wpcf7cf_repeaters\" value=\"[]\" \/>\n<input type=\"hidden\" name=\"_wpcf7cf_steps\" value=\"{}\" \/>\n<input type=\"hidden\" name=\"_wpcf7cf_options\" value=\"{&quot;form_id&quot;:27,&quot;conditions&quot;:[{&quot;then_field&quot;:&quot;Validation&quot;,&quot;and_rules&quot;:[{&quot;if_field&quot;:&quot;domtom&quot;,&quot;operator&quot;:&quot;equals&quot;,&quot;if_value&quot;:&quot;Oui&quot;}]}],&quot;settings&quot;:{&quot;animation&quot;:&quot;yes&quot;,&quot;animation_intime&quot;:200,&quot;animation_outtime&quot;:200,&quot;conditions_ui&quot;:&quot;normal&quot;,&quot;notice_dismissed&quot;:false,&quot;notice_dismissed_update-cf7-5.9.3&quot;:true}}\" \/>\n<\/div>\n<p>Civilit\u00e9<br \/>\n<span class=\"wpcf7-form-control-wrap civilite\"><select name=\"civilite\" class=\"wpcf7-form-control wpcf7-select wpcf7-validates-as-required\" aria-required=\"true\" aria-invalid=\"false\"><option value=\"\">---<\/option><option value=\"Monsieur\">Monsieur<\/option><option value=\"Madame\">Madame<\/option><\/select><\/span><\/p>\n<p>Nom<br \/>\n    <span class=\"wpcf7-form-control-wrap nom\"><input type=\"text\" name=\"nom\" value=\"\" size=\"40\" class=\"wpcf7-form-control wpcf7-text wpcf7-validates-as-required\" aria-required=\"true\" aria-invalid=\"false\" \/><\/span> <\/p>\n<p>Pr\u00e9nom<br \/>\n    <span class=\"wpcf7-form-control-wrap prenom\"><input type=\"text\" name=\"prenom\" value=\"\" size=\"40\" class=\"wpcf7-form-control wpcf7-text wpcf7-validates-as-required\" aria-required=\"true\" aria-invalid=\"false\" \/><\/span> <\/p>\n<p>Date de naissance<br \/>\n    <span class=\"wpcf7-form-control-wrap datenaissance\"><input type=\"date\" name=\"datenaissance\" value=\"\" class=\"wpcf7-form-control wpcf7-date wpcf7-validates-as-required wpcf7-validates-as-date\" aria-required=\"true\" aria-invalid=\"false\" placeholder=\"2001-05-23\" \/><\/span>\n <\/p>\n<p>T\u00e9l\u00e9phone<br \/>\n    <span class=\"wpcf7-form-control-wrap tel\"><input type=\"tel\" name=\"tel\" value=\"\" size=\"40\" class=\"wpcf7-form-control wpcf7-text wpcf7-tel wpcf7-validates-as-required wpcf7-validates-as-tel\" aria-required=\"true\" aria-invalid=\"false\" placeholder=\"par ex: +33600000000\" \/><\/span> <\/p>\n<p>Email(obligatoire)<br \/>\n    <span class=\"wpcf7-form-control-wrap email\"><input type=\"email\" name=\"email\" value=\"\" size=\"40\" class=\"wpcf7-form-control wpcf7-text wpcf7-email wpcf7-validates-as-required wpcf7-validates-as-email\" aria-required=\"true\" aria-invalid=\"false\" \/><\/span> <\/p>\n<p>Adresse<br \/>\n    <span class=\"wpcf7-form-control-wrap adresse\"><textarea name=\"adresse\" cols=\"40\" rows=\"10\" class=\"wpcf7-form-control wpcf7-textarea wpcf7-validates-as-required\" aria-required=\"true\" aria-invalid=\"false\"><\/textarea><\/span> <\/p>\n<p>Compl\u00e9ment d'adresse<br \/>\n    <span class=\"wpcf7-form-control-wrap complement-adresse\"><textarea name=\"complement-adresse\" cols=\"40\" rows=\"10\" class=\"wpcf7-form-control wpcf7-textarea\" aria-invalid=\"false\"><\/textarea><\/span> <\/p>\n<p>Code postal<br \/>\n<span class=\"wpcf7-form-control-wrap cp\"><input type=\"number\" name=\"cp\" value=\"\" class=\"wpcf7-form-control wpcf7-number wpcf7-validates-as-required wpcf7-validates-as-number\" aria-required=\"true\" aria-invalid=\"false\" \/><\/span> <\/p>\n<p>Ville<br \/>\n    <span class=\"wpcf7-form-control-wrap ville\"><input type=\"text\" name=\"ville\" value=\"\" size=\"40\" class=\"wpcf7-form-control wpcf7-text wpcf7-validates-as-required\" aria-required=\"true\" aria-invalid=\"false\" \/><\/span> <\/p>\n<p>Pays<br \/>\n    <span class=\"wpcf7-form-control-wrap pays\"><input type=\"text\" name=\"pays\" value=\"\" size=\"40\" class=\"wpcf7-form-control wpcf7-text wpcf7-validates-as-required\" aria-required=\"true\" aria-invalid=\"false\" \/><\/span> <\/p>\n<h2>Domiciliation<\/h2>\n<p>Le licenci\u00e9 est domicili\u00e9 \u00e0 l'\u00e9tranger (<b>ATTENTION : NE CONCERNE PAS<\/b> Andorre, Monaco,Guadeloupe, Martinique, R\u00e9union, Saint Barth\u00e9l\u00e9my, Saint Martin)<br \/>\n<span class=\"wpcf7-form-control-wrap domtom\"><span class=\"wpcf7-form-control wpcf7-radio\"><span class=\"wpcf7-list-item first\"><label><input type=\"radio\" name=\"domtom\" value=\"Non\" checked=\"checked\" \/><span class=\"wpcf7-list-item-label\">Non<\/span><\/label><\/span><span class=\"wpcf7-list-item last\"><label><input type=\"radio\" name=\"domtom\" value=\"Oui\" \/><span class=\"wpcf7-list-item-label\">Oui<\/span><\/label><\/span><\/span><\/span>\n<\/p>\n<div data-id=\"Validation\" data-orig_data_id=\"Validation\"  data-class=\"wpcf7cf_group\">\n<span class=\"wpcf7-form-control-wrap acceptance-112\"><span class=\"wpcf7-form-control wpcf7-acceptance optional\"><span class=\"wpcf7-list-item\"><label><input type=\"checkbox\" name=\"acceptance-112\" value=\"1\" aria-invalid=\"false\" \/><span class=\"wpcf7-list-item-label\">Je confirme que le licenci\u00e9 est domicili\u00e9 \u00e0 l'\u00e9tranger<\/span><\/label><\/span><\/span><\/span>\n<\/div>\n<p>Type de Licence (Cette ann\u00e9e, licence unique)<br \/>\n    <span class=\"wpcf7-form-control-wrap type-licence\"><select name=\"type-licence\" class=\"wpcf7-form-control wpcf7-select wpcf7-validates-as-required\" aria-required=\"true\" aria-invalid=\"false\"><option value=\"Comp\u00e9tition\">Comp\u00e9tition<\/option><\/select><\/span> <\/p>\n<p>Je souhaite une assurance compl\u00e9mentaire individuelle accident<br \/>\n    <span class=\"wpcf7-form-control-wrap individuelle\"><span class=\"wpcf7-form-control wpcf7-radio\"><span class=\"wpcf7-list-item first\"><label><input type=\"radio\" name=\"individuelle\" value=\"Oui\" \/><span class=\"wpcf7-list-item-label\">Oui<\/span><\/label><\/span><span class=\"wpcf7-list-item last\"><label><input type=\"radio\" name=\"individuelle\" value=\"Non\" checked=\"checked\" \/><span class=\"wpcf7-list-item-label\">Non<\/span><\/label><\/span><\/span><\/span>\n<\/p>\n<p><input type=\"submit\" value=\"Continuer\" class=\"wpcf7-form-control wpcf7-submit\" \/><\/p>\n<div class=\"wpcf7-response-output\" aria-hidden=\"true\"><\/div><\/form><\/div>\n<\/div><\/section>","protected":false},"excerpt":{"rendered":"","protected":false},"author":1,"featured_media":0,"parent":0,"menu_order":0,"comment_status":"closed","ping_status":"closed","template":"","meta":{"footnotes":""},"class_list":["post-15","page","type-page","status-publish","hentry"],"_links":{"self":[{"href":"https:\/\/aidafrance.fr\/affiliations-licences\/wp-json\/wp\/v2\/pages\/15","targetHints":{"allow":["GET"]}}],"collection":[{"href":"https:\/\/aidafrance.fr\/affiliations-licences\/wp-json\/wp\/v2\/pages"}],"about":[{"href":"https:\/\/aidafrance.fr\/affiliations-licences\/wp-json\/wp\/v2\/types\/page"}],"author":[{"embeddable":true,"href":"https:\/\/aidafrance.fr\/affiliations-licences\/wp-json\/wp\/v2\/users\/1"}],"replies":[{"embeddable":true,"href":"https:\/\/aidafrance.fr\/affiliations-licences\/wp-json\/wp\/v2\/comments?post=15"}],"version-history":[{"count":9,"href":"https:\/\/aidafrance.fr\/affiliations-licences\/wp-json\/wp\/v2\/pages\/15\/revisions"}],"predecessor-version":[{"id":670,"href":"https:\/\/aidafrance.fr\/affiliations-licences\/wp-json\/wp\/v2\/pages\/15\/revisions\/670"}],"wp:attachment":[{"href":"https:\/\/aidafrance.fr\/affiliations-licences\/wp-json\/wp\/v2\/media?parent=15"}],"curies":[{"name":"wp","href":"https:\/\/api.w.org\/{rel}","templated":true}]}}